{"id":1082,"date":"2022-11-28T17:57:59","date_gmt":"2022-11-28T16:57:59","guid":{"rendered":"https:\/\/farmacognosia.unimi.it\/collaborations\/"},"modified":"2024-05-22T16:14:16","modified_gmt":"2024-05-22T14:14:16","slug":"collaborations","status":"publish","type":"page","link":"https:\/\/farmacognosia.unimi.it\/en\/collaborations\/","title":{"rendered":"Collaborations"},"content":{"rendered":"\n<p><strong>The main collaborations of the Laboratory of Pharmacognosy with other research groups at national and international level.<\/strong><\/p>\n\n<div class=\"wp-block-columns is-layout-flex wp-container-core-columns-is-layout-1 wp-block-columns-is-layout-flex\">\n<div class=\"wp-block-column is-layout-flow wp-block-column-is-layout-flow\">\n<p><a><\/a>Prof.ssa Anne M\u00fcller, University of Zurich (Svizzera)<\/p>\n\n\n\n<p>Prof.ssa Verena Dirsch, Universit\u00e4t Wien (Austria).<\/p>\n\n\n\n<p>Dott.ssa Ur\u0161ka Vrhov\u0161ek, Edmund Mach Foundation (Italia).<\/p>\n\n\n\n<p>Prof. Jules-Roger Kuiate \u2013 Prof. Gabriel Agbor, Institute of Medical Research and the Study of Medicinal Plant (Camerun).<\/p>\n\n\n\n<p>Prof.ssa Annabella Vitalone, Universit\u00e0 degli Studi di Roma &#8211; La Sapienza (Italia).<\/p>\n\n\n\n<p>Prof. Fulvio Mattivi. Universit\u00e0 degli Studi di Trento (Italia).<\/p>\n\n\n\n<p>Prof. Massimo Labra, Universit\u00e0 degli Studi di Milano-Bicocca (Italia).<\/p>\n\n\n\n<p>Prof. Angelo Antonio Izzo, Universit\u00e0 degli Studi di Napoli Federico II (Italia).<\/p>\n\n\n\n<p>Prof.ssa Carla Ghelardini \u2013 Prof. Lorenzo Di Cesare Mannelli, Universit\u00e0 degli Studi di Firenze (Italia).<\/p>\n\n\n\n<p>Prof. Fabrizio Manetti, Universit\u00e0 di Siena (Italia).<\/p>\n\n\n\n<p>Prof. Daniele Passarella, Universit\u00e0 degli Studi di Milano (Italia).<\/p>\n\n\n\n<p>Prof.ssa Donatella De Pascale, Stazione Zoologica Anton Dohrn (Italia)<\/p>\n\n\n\n<p>Prof.ssa Anna Giorgi, Universit\u00e0 degli Studi di Milano (Italia).<\/p>\n\n\n\n<p>Prof.ssa Michela Battistelli, Universit\u00e0 degli Studi di Urbino &#8220;Carlo Bo\u201d (Italia)<\/p>\n<\/div>\n\n\n\n<div class=\"wp-block-column is-vertically-aligned-bottom is-layout-flow wp-block-column-is-layout-flow\"><div class=\"wp-block-image\">\n<figure class=\"alignleft size-large is-resized\"><img loading=\"lazy\" decoding=\"async\" src=\"https:\/\/farmacognosia.unimi.it\/wp-content\/uploads\/sites\/39\/2024\/05\/Laboratorio-1024x1024.png\" alt=\"\" class=\"wp-image-1764\" width=\"539\" height=\"539\" srcset=\"https:\/\/farmacognosia.unimi.it\/wp-content\/uploads\/sites\/39\/2024\/05\/Laboratorio-1024x1024.png 1024w, https:\/\/farmacognosia.unimi.it\/wp-content\/uploads\/sites\/39\/2024\/05\/Laboratorio-600x600.png 600w, https:\/\/farmacognosia.unimi.it\/wp-content\/uploads\/sites\/39\/2024\/05\/Laboratorio-768x768.png 768w, https:\/\/farmacognosia.unimi.it\/wp-content\/uploads\/sites\/39\/2024\/05\/Laboratorio.png 1080w\" sizes=\"(max-width: 539px) 100vw, 539px\" \/><\/figure><\/div><\/div>\n<\/div>\n","protected":false},"excerpt":{"rendered":"<p>The main collaborations of the Laboratory of Pharmacognosy with other research groups at national and international level. Prof.ssa Anne M\u00fcller, University of Zurich (Svizzera) Prof.ssa Verena Dirsch, Universit\u00e4t Wien (Austria). Dott.ssa Ur\u0161ka Vrhov\u0161ek, Edmund Mach Foundation (Italia). Prof. Jules-Roger Kuiate \u2013 Prof. Gabriel Agbor, Institute of Medical Research and the Study of Medicinal Plant (Camerun). [&hellip;]<\/p>\n","protected":false},"author":4,"featured_media":0,"parent":0,"menu_order":0,"comment_status":"closed","ping_status":"closed","template":"","meta":{"_acf_changed":false,"footnotes":""},"class_list":["post-1082","page","type-page","status-publish","hentry"],"acf":[],"_links":{"self":[{"href":"https:\/\/farmacognosia.unimi.it\/en\/wp-json\/wp\/v2\/pages\/1082"}],"collection":[{"href":"https:\/\/farmacognosia.unimi.it\/en\/wp-json\/wp\/v2\/pages"}],"about":[{"href":"https:\/\/farmacognosia.unimi.it\/en\/wp-json\/wp\/v2\/types\/page"}],"author":[{"embeddable":true,"href":"https:\/\/farmacognosia.unimi.it\/en\/wp-json\/wp\/v2\/users\/4"}],"replies":[{"embeddable":true,"href":"https:\/\/farmacognosia.unimi.it\/en\/wp-json\/wp\/v2\/comments?post=1082"}],"version-history":[{"count":2,"href":"https:\/\/farmacognosia.unimi.it\/en\/wp-json\/wp\/v2\/pages\/1082\/revisions"}],"predecessor-version":[{"id":1777,"href":"https:\/\/farmacognosia.unimi.it\/en\/wp-json\/wp\/v2\/pages\/1082\/revisions\/1777"}],"wp:attachment":[{"href":"https:\/\/farmacognosia.unimi.it\/en\/wp-json\/wp\/v2\/media?parent=1082"}],"curies":[{"name":"wp","href":"https:\/\/api.w.org\/{rel}","templated":true}]}}